{"id":604,"date":"2022-01-04T17:44:17","date_gmt":"2022-01-04T17:44:17","guid":{"rendered":"https:\/\/www.camp-tomas.com\/sample-page\/"},"modified":"2025-12-04T11:51:22","modified_gmt":"2025-12-04T11:51:22","slug":"sample-page","status":"publish","type":"page","link":"https:\/\/www.camp-tomas.com\/hr\/","title":{"rendered":"Camp Tomas &#8211; Greba\u0161tica-\u0160ibenik"},"content":{"rendered":"\r\n<p style=\"text-align: center;\">Kamp Tomas je mali obiteljski kamp smje\u0161ten u borovoj \u0161umi uz more, pokraj naselja \u0160paradi\u0107i, udaljen cca 15 km od \u0160ibenika i cca 8 km od Primo\u0161tena. Primamo kampiste od 1988. godine.<br \/>Sadr\u017eaj kampa: kamp mjesta uz more, recepcija, terasa za dru\u017eenje, igrali\u0161te, stolni tenis, wi-fi, wc-tu\u0161evi (m&amp;\u017e).<br \/>Radno vrijeme recepcije: period 01.06. &#8211; 30.09. (08.00 h &#8211; 20.00 h, svaki dan)<br \/>01.05. &#8211; 31.05.; 01.10. &#8211; 31.10. (09.00 h &#8211; 12.00 h ; 16.00 h &#8211; 19.00 h, svaki dan).<br \/>Pla\u0107anje isklju\u010divo gotovinom.\u00a0<br \/>Pozivamo vas da nas posjetite i provedete va\u0161 odmor u na\u0161em kampu u srcu prirode. Radujemo se va\u0161em dolasku \ud83d\ude42<\/p>\r\n<p><img decoding=\"async\" loading=\"lazy\" class=\"alignnone size-large wp-image-653\" src=\"https:\/\/www.camp-tomas.com\/wp-content\/uploads\/2022\/01\/camptomas-2-1024x570.jpg\" alt=\"camp tomas \u0161ibenik bilo \" width=\"960\" height=\"534\" srcset=\"https:\/\/www.camp-tomas.com\/wp-content\/uploads\/2022\/01\/camptomas-2-1024x570.jpg 1024w, https:\/\/www.camp-tomas.com\/wp-content\/uploads\/2022\/01\/camptomas-2-300x167.jpg 300w, https:\/\/www.camp-tomas.com\/wp-content\/uploads\/2022\/01\/camptomas-2-768x428.jpg 768w, https:\/\/www.camp-tomas.com\/wp-content\/uploads\/2022\/01\/camptomas-2-1536x855.jpg 1536w, https:\/\/www.camp-tomas.com\/wp-content\/uploads\/2022\/01\/camptomas-2-2048x1140.jpg 2048w, https:\/\/www.camp-tomas.com\/wp-content\/uploads\/2022\/01\/camptomas-2-1140x635.jpg 1140w\" sizes=\"(max-width: 960px) 100vw, 960px\" \/><\/p>\r\n","protected":false},"excerpt":{"rendered":"<p>Kamp Tomas je mali obiteljski kamp smje\u0161ten u borovoj \u0161umi uz more, pokraj naselja \u0160paradi\u0107i, udaljen cca 15 km od \u0160ibenika i cca 8 km od Primo\u0161tena. Primamo kampiste od 1988. godine.Sadr\u017eaj kampa: kamp mjesta uz more, recepcija, terasa za dru\u017eenje, igrali\u0161te, stolni tenis, wi-fi, wc-tu\u0161evi (m&amp;\u017e).Radno vrijeme recepcije: period 01.06. &#8211; 30.09. (08.00 h &#8211; 20.00 h, svaki dan)01.05. &#8211; 31.05.; 01.10. &#8211; 31.10. (09.00 h &#8211; 12.00 h ; 16.00 h &#8211; 19.00 h, svaki dan).Pla\u0107anje isklju\u010divo gotovinom.\u00a0Pozivamo vas da nas posjetite i provedete va\u0161 odmor u na\u0161em kampu u srcu prirode. Radujemo se va\u0161em dolasku \ud83d\ude42<\/p>\n","protected":false},"author":1,"featured_media":0,"parent":0,"menu_order":0,"comment_status":"closed","ping_status":"closed","template":"","meta":[],"yoast_head":"<!-- This site is optimized with the Yoast SEO plugin v19.9 - https:\/\/yoast.com\/wordpress\/plugins\/seo\/ -->\n<title>Camp Tomas - Greba\u0161tica-\u0160ibenik - Camp Tomas<\/title>\n<meta name=\"description\" content=\"Kamp Tomas je mali obiteljski kamp smje\u0161ten kraj mora, udaljen cca 15 km od \u0160ibenika i cca 8 km od Primo\u0161tena.\" \/>\n<meta name=\"robots\" content=\"index, follow, max-snippet:-1, max-image-preview:large, max-video-preview:-1\" \/>\n<link rel=\"canonical\" href=\"https:\/\/www.camp-tomas.com\/hr\/\" \/>\n<meta property=\"og:locale\" content=\"hr_HR\" \/>\n<meta property=\"og:type\" content=\"article\" \/>\n<meta property=\"og:title\" content=\"Camp Tomas - Greba\u0161tica-\u0160ibenik - Camp Tomas\" \/>\n<meta property=\"og:description\" content=\"Kamp Tomas je mali obiteljski kamp smje\u0161ten kraj mora, udaljen cca 15 km od \u0160ibenika i cca 8 km od Primo\u0161tena.\" \/>\n<meta property=\"og:url\" content=\"https:\/\/www.camp-tomas.com\/hr\/\" \/>\n<meta property=\"og:site_name\" content=\"Camp Tomas\" \/>\n<meta property=\"article:modified_time\" content=\"2025-12-04T11:51:22+00:00\" \/>\n<meta property=\"og:image\" content=\"https:\/\/www.camp-tomas.com\/wp-content\/uploads\/2022\/01\/camptomas-2-1024x570.jpg\" \/>\n<meta name=\"twitter:card\" content=\"summary_large_image\" \/>\n<meta name=\"twitter:label1\" content=\"Procijenjeno vrijeme \u010ditanja\" \/>\n\t<meta name=\"twitter:data1\" content=\"1 minuta\" \/>\n<script type=\"application\/ld+json\" class=\"yoast-schema-graph\">{\"@context\":\"https:\/\/schema.org\",\"@graph\":[{\"@type\":\"WebPage\",\"@id\":\"https:\/\/www.camp-tomas.com\/hr\/\",\"url\":\"https:\/\/www.camp-tomas.com\/hr\/\",\"name\":\"Camp Tomas - Greba\u0161tica-\u0160ibenik - Camp Tomas\",\"isPartOf\":{\"@id\":\"https:\/\/www.camp-tomas.com\/#website\"},\"datePublished\":\"2022-01-04T17:44:17+00:00\",\"dateModified\":\"2025-12-04T11:51:22+00:00\",\"description\":\"Kamp Tomas je mali obiteljski kamp smje\u0161ten kraj mora, udaljen cca 15 km od \u0160ibenika i cca 8 km od Primo\u0161tena.\",\"breadcrumb\":{\"@id\":\"https:\/\/www.camp-tomas.com\/hr\/#breadcrumb\"},\"inLanguage\":\"hr\",\"potentialAction\":[{\"@type\":\"ReadAction\",\"target\":[\"https:\/\/www.camp-tomas.com\/hr\/\"]}]},{\"@type\":\"BreadcrumbList\",\"@id\":\"https:\/\/www.camp-tomas.com\/hr\/#breadcrumb\",\"itemListElement\":[{\"@type\":\"ListItem\",\"position\":1,\"name\":\"Home\",\"item\":\"https:\/\/www.camp-tomas.com\/hr\/\"},{\"@type\":\"ListItem\",\"position\":2,\"name\":\"Camp Tomas &#8211; Greba\u0161tica-\u0160ibenik\"}]},{\"@type\":\"WebSite\",\"@id\":\"https:\/\/www.camp-tomas.com\/#website\",\"url\":\"https:\/\/www.camp-tomas.com\/\",\"name\":\"Camp Tomas\",\"description\":\"&Scaron;ibenik - Primo&scaron;ten - Croatia \",\"potentialAction\":[{\"@type\":\"SearchAction\",\"target\":{\"@type\":\"EntryPoint\",\"urlTemplate\":\"https:\/\/www.camp-tomas.com\/?s={search_term_string}\"},\"query-input\":\"required name=search_term_string\"}],\"inLanguage\":\"hr\"}]}<\/script>\n<!-- \/ Yoast SEO plugin. -->","yoast_head_json":{"title":"Camp Tomas - Greba\u0161tica-\u0160ibenik - Camp Tomas","description":"Kamp Tomas je mali obiteljski kamp smje\u0161ten kraj mora, udaljen cca 15 km od \u0160ibenika i cca 8 km od Primo\u0161tena.","robots":{"index":"index","follow":"follow","max-snippet":"max-snippet:-1","max-image-preview":"max-image-preview:large","max-video-preview":"max-video-preview:-1"},"canonical":"https:\/\/www.camp-tomas.com\/hr\/","og_locale":"hr_HR","og_type":"article","og_title":"Camp Tomas - Greba\u0161tica-\u0160ibenik - Camp Tomas","og_description":"Kamp Tomas je mali obiteljski kamp smje\u0161ten kraj mora, udaljen cca 15 km od \u0160ibenika i cca 8 km od Primo\u0161tena.","og_url":"https:\/\/www.camp-tomas.com\/hr\/","og_site_name":"Camp Tomas","article_modified_time":"2025-12-04T11:51:22+00:00","og_image":[{"url":"https:\/\/www.camp-tomas.com\/wp-content\/uploads\/2022\/01\/camptomas-2-1024x570.jpg"}],"twitter_card":"summary_large_image","twitter_misc":{"Procijenjeno vrijeme \u010ditanja":"1 minuta"},"schema":{"@context":"https:\/\/schema.org","@graph":[{"@type":"WebPage","@id":"https:\/\/www.camp-tomas.com\/hr\/","url":"https:\/\/www.camp-tomas.com\/hr\/","name":"Camp Tomas - Greba\u0161tica-\u0160ibenik - Camp Tomas","isPartOf":{"@id":"https:\/\/www.camp-tomas.com\/#website"},"datePublished":"2022-01-04T17:44:17+00:00","dateModified":"2025-12-04T11:51:22+00:00","description":"Kamp Tomas je mali obiteljski kamp smje\u0161ten kraj mora, udaljen cca 15 km od \u0160ibenika i cca 8 km od Primo\u0161tena.","breadcrumb":{"@id":"https:\/\/www.camp-tomas.com\/hr\/#breadcrumb"},"inLanguage":"hr","potentialAction":[{"@type":"ReadAction","target":["https:\/\/www.camp-tomas.com\/hr\/"]}]},{"@type":"BreadcrumbList","@id":"https:\/\/www.camp-tomas.com\/hr\/#breadcrumb","itemListElement":[{"@type":"ListItem","position":1,"name":"Home","item":"https:\/\/www.camp-tomas.com\/hr\/"},{"@type":"ListItem","position":2,"name":"Camp Tomas &#8211; Greba\u0161tica-\u0160ibenik"}]},{"@type":"WebSite","@id":"https:\/\/www.camp-tomas.com\/#website","url":"https:\/\/www.camp-tomas.com\/","name":"Camp Tomas","description":"&Scaron;ibenik - Primo&scaron;ten - Croatia ","potentialAction":[{"@type":"SearchAction","target":{"@type":"EntryPoint","urlTemplate":"https:\/\/www.camp-tomas.com\/?s={search_term_string}"},"query-input":"required name=search_term_string"}],"inLanguage":"hr"}]}},"_links":{"self":[{"href":"https:\/\/www.camp-tomas.com\/hr\/wp-json\/wp\/v2\/pages\/604"}],"collection":[{"href":"https:\/\/www.camp-tomas.com\/hr\/wp-json\/wp\/v2\/pages"}],"about":[{"href":"https:\/\/www.camp-tomas.com\/hr\/wp-json\/wp\/v2\/types\/page"}],"author":[{"embeddable":true,"href":"https:\/\/www.camp-tomas.com\/hr\/wp-json\/wp\/v2\/users\/1"}],"replies":[{"embeddable":true,"href":"https:\/\/www.camp-tomas.com\/hr\/wp-json\/wp\/v2\/comments?post=604"}],"version-history":[{"count":14,"href":"https:\/\/www.camp-tomas.com\/hr\/wp-json\/wp\/v2\/pages\/604\/revisions"}],"predecessor-version":[{"id":908,"href":"https:\/\/www.camp-tomas.com\/hr\/wp-json\/wp\/v2\/pages\/604\/revisions\/908"}],"wp:attachment":[{"href":"https:\/\/www.camp-tomas.com\/hr\/wp-json\/wp\/v2\/media?parent=604"}],"curies":[{"name":"wp","href":"https:\/\/api.w.org\/{rel}","templated":true}]}}