{"id":606,"date":"2022-01-04T17:44:17","date_gmt":"2022-01-04T17:44:17","guid":{"rendered":"https:\/\/www.camp-tomas.com\/sample-page\/"},"modified":"2025-12-04T11:53:15","modified_gmt":"2025-12-04T11:53:15","slug":"sample-page","status":"publish","type":"page","link":"https:\/\/www.camp-tomas.com\/de\/","title":{"rendered":"Camp Tomas &#8211; Grebastica &#8211; Sibenik"},"content":{"rendered":"\r\n<p style=\"text-align: center;\">Camp Tomas ist ein kleines Familiencamp direkt am Meer im Dorf \u0160paradi\u0107i, 15 km von \u0160ibenik und 8 km von Primo\u0161ten entfernt. Seit 1988 empf\u00e4ngt es G\u00e4ste.<br \/>Einrichtungen: Stellpl\u00e4tze am Meer, Rezeption, , Terrasse zum geselligen Beisammensein, Spielplatz, Tischtennis, Wi-Fi, WC-Duschen (M&amp;F).<br \/>Reception \u00d6ffnungszeit: period 01.06. &#8211; 30.09. (08.00 h &#8211; 20.00 h, jeden Tag)<br \/>01.05. &#8211; 31.05.; 01.10. &#8211; 31.10. (09.00 h &#8211; 12.00 h ; 16.00 h &#8211; 19.00 h, jeden Tag).<br \/>Nur Barzahlung.<br \/>Wir laden Sie ein, uns in dieser Naturperle zu besuchen.<br \/>Wir freuen uns, Sie als unseren Gast begr\u00fc\u00dfen zu d\u00fcrfen \ud83d\ude42<\/p>\r\n<p><img decoding=\"async\" loading=\"lazy\" class=\"alignnone size-large wp-image-654\" src=\"https:\/\/www.camp-tomas.com\/wp-content\/uploads\/2022\/01\/camptomas-2-1024x570.jpg\" alt=\"camp tomas \u0161ibenik bilo \" width=\"960\" height=\"534\" srcset=\"https:\/\/www.camp-tomas.com\/wp-content\/uploads\/2022\/01\/camptomas-2-1024x570.jpg 1024w, https:\/\/www.camp-tomas.com\/wp-content\/uploads\/2022\/01\/camptomas-2-300x167.jpg 300w, https:\/\/www.camp-tomas.com\/wp-content\/uploads\/2022\/01\/camptomas-2-768x428.jpg 768w, https:\/\/www.camp-tomas.com\/wp-content\/uploads\/2022\/01\/camptomas-2-1536x855.jpg 1536w, https:\/\/www.camp-tomas.com\/wp-content\/uploads\/2022\/01\/camptomas-2-2048x1140.jpg 2048w, https:\/\/www.camp-tomas.com\/wp-content\/uploads\/2022\/01\/camptomas-2-1140x635.jpg 1140w\" sizes=\"(max-width: 960px) 100vw, 960px\" \/><\/p>\r\n","protected":false},"excerpt":{"rendered":"<p>Camp Tomas ist ein kleines Familiencamp direkt am Meer im Dorf \u0160paradi\u0107i, 15 km von \u0160ibenik und 8 km von Primo\u0161ten entfernt. Seit 1988 empf\u00e4ngt es G\u00e4ste.Einrichtungen: Stellpl\u00e4tze am Meer, Rezeption, , Terrasse zum geselligen Beisammensein, Spielplatz, Tischtennis, Wi-Fi, WC-Duschen (M&amp;F).Reception \u00d6ffnungszeit: period 01.06. &#8211; 30.09. (08.00 h &#8211; 20.00 h, jeden Tag)01.05. &#8211; 31.05.; 01.10. &#8211; 31.10. (09.00 h &#8211; 12.00 h ; 16.00 h &#8211; 19.00 h, jeden Tag).Nur Barzahlung.Wir laden Sie ein, uns in dieser Naturperle zu besuchen.Wir freuen uns, Sie als unseren Gast begr\u00fc\u00dfen zu d\u00fcrfen \ud83d\ude42<\/p>\n","protected":false},"author":1,"featured_media":0,"parent":0,"menu_order":0,"comment_status":"closed","ping_status":"closed","template":"","meta":[],"yoast_head":"<!-- This site is optimized with the Yoast SEO plugin v19.9 - https:\/\/yoast.com\/wordpress\/plugins\/seo\/ -->\n<title>Camp Tomas - Grebastica - Sibenik - Camp Tomas<\/title>\n<meta name=\"description\" content=\"Camp Tomas ist ein kleines Familiencamp direkt am Meer im Dorf \u0160paradi\u0107i, 15 km von \u0160ibenik und 8 km von Primo\u0161ten entfernt.\" \/>\n<meta name=\"robots\" content=\"index, follow, max-snippet:-1, max-image-preview:large, max-video-preview:-1\" \/>\n<link rel=\"canonical\" href=\"https:\/\/www.camp-tomas.com\/de\/\" \/>\n<meta property=\"og:locale\" content=\"de_DE\" \/>\n<meta property=\"og:type\" content=\"article\" \/>\n<meta property=\"og:title\" content=\"Camp Tomas - Grebastica - Sibenik - Camp Tomas\" \/>\n<meta property=\"og:description\" content=\"Camp Tomas ist ein kleines Familiencamp direkt am Meer im Dorf \u0160paradi\u0107i, 15 km von \u0160ibenik und 8 km von Primo\u0161ten entfernt.\" \/>\n<meta property=\"og:url\" content=\"https:\/\/www.camp-tomas.com\/de\/\" \/>\n<meta property=\"og:site_name\" content=\"Camp Tomas\" \/>\n<meta property=\"article:modified_time\" content=\"2025-12-04T11:53:15+00:00\" \/>\n<meta property=\"og:image\" content=\"https:\/\/www.camp-tomas.com\/wp-content\/uploads\/2022\/01\/camptomas-2-1024x570.jpg\" \/>\n<meta name=\"twitter:card\" content=\"summary_large_image\" \/>\n<meta name=\"twitter:label1\" content=\"Gesch\u00e4tzte Lesezeit\" \/>\n\t<meta name=\"twitter:data1\" content=\"1\u00a0Minute\" \/>\n<script type=\"application\/ld+json\" class=\"yoast-schema-graph\">{\"@context\":\"https:\/\/schema.org\",\"@graph\":[{\"@type\":\"WebPage\",\"@id\":\"https:\/\/www.camp-tomas.com\/de\/\",\"url\":\"https:\/\/www.camp-tomas.com\/de\/\",\"name\":\"Camp Tomas - Grebastica - Sibenik - Camp Tomas\",\"isPartOf\":{\"@id\":\"https:\/\/www.camp-tomas.com\/#website\"},\"datePublished\":\"2022-01-04T17:44:17+00:00\",\"dateModified\":\"2025-12-04T11:53:15+00:00\",\"description\":\"Camp Tomas ist ein kleines Familiencamp direkt am Meer im Dorf \u0160paradi\u0107i, 15 km von \u0160ibenik und 8 km von Primo\u0161ten entfernt.\",\"breadcrumb\":{\"@id\":\"https:\/\/www.camp-tomas.com\/de\/#breadcrumb\"},\"inLanguage\":\"de\",\"potentialAction\":[{\"@type\":\"ReadAction\",\"target\":[\"https:\/\/www.camp-tomas.com\/de\/\"]}]},{\"@type\":\"BreadcrumbList\",\"@id\":\"https:\/\/www.camp-tomas.com\/de\/#breadcrumb\",\"itemListElement\":[{\"@type\":\"ListItem\",\"position\":1,\"name\":\"Home\",\"item\":\"https:\/\/www.camp-tomas.com\/de\/\"},{\"@type\":\"ListItem\",\"position\":2,\"name\":\"Camp Tomas &#8211; Grebastica &#8211; Sibenik\"}]},{\"@type\":\"WebSite\",\"@id\":\"https:\/\/www.camp-tomas.com\/#website\",\"url\":\"https:\/\/www.camp-tomas.com\/\",\"name\":\"Camp Tomas\",\"description\":\"&Scaron;ibenik - Primo&scaron;ten - Croatia \",\"potentialAction\":[{\"@type\":\"SearchAction\",\"target\":{\"@type\":\"EntryPoint\",\"urlTemplate\":\"https:\/\/www.camp-tomas.com\/?s={search_term_string}\"},\"query-input\":\"required name=search_term_string\"}],\"inLanguage\":\"de\"}]}<\/script>\n<!-- \/ Yoast SEO plugin. -->","yoast_head_json":{"title":"Camp Tomas - Grebastica - Sibenik - Camp Tomas","description":"Camp Tomas ist ein kleines Familiencamp direkt am Meer im Dorf \u0160paradi\u0107i, 15 km von \u0160ibenik und 8 km von Primo\u0161ten entfernt.","robots":{"index":"index","follow":"follow","max-snippet":"max-snippet:-1","max-image-preview":"max-image-preview:large","max-video-preview":"max-video-preview:-1"},"canonical":"https:\/\/www.camp-tomas.com\/de\/","og_locale":"de_DE","og_type":"article","og_title":"Camp Tomas - Grebastica - Sibenik - Camp Tomas","og_description":"Camp Tomas ist ein kleines Familiencamp direkt am Meer im Dorf \u0160paradi\u0107i, 15 km von \u0160ibenik und 8 km von Primo\u0161ten entfernt.","og_url":"https:\/\/www.camp-tomas.com\/de\/","og_site_name":"Camp Tomas","article_modified_time":"2025-12-04T11:53:15+00:00","og_image":[{"url":"https:\/\/www.camp-tomas.com\/wp-content\/uploads\/2022\/01\/camptomas-2-1024x570.jpg"}],"twitter_card":"summary_large_image","twitter_misc":{"Gesch\u00e4tzte Lesezeit":"1\u00a0Minute"},"schema":{"@context":"https:\/\/schema.org","@graph":[{"@type":"WebPage","@id":"https:\/\/www.camp-tomas.com\/de\/","url":"https:\/\/www.camp-tomas.com\/de\/","name":"Camp Tomas - Grebastica - Sibenik - Camp Tomas","isPartOf":{"@id":"https:\/\/www.camp-tomas.com\/#website"},"datePublished":"2022-01-04T17:44:17+00:00","dateModified":"2025-12-04T11:53:15+00:00","description":"Camp Tomas ist ein kleines Familiencamp direkt am Meer im Dorf \u0160paradi\u0107i, 15 km von \u0160ibenik und 8 km von Primo\u0161ten entfernt.","breadcrumb":{"@id":"https:\/\/www.camp-tomas.com\/de\/#breadcrumb"},"inLanguage":"de","potentialAction":[{"@type":"ReadAction","target":["https:\/\/www.camp-tomas.com\/de\/"]}]},{"@type":"BreadcrumbList","@id":"https:\/\/www.camp-tomas.com\/de\/#breadcrumb","itemListElement":[{"@type":"ListItem","position":1,"name":"Home","item":"https:\/\/www.camp-tomas.com\/de\/"},{"@type":"ListItem","position":2,"name":"Camp Tomas &#8211; Grebastica &#8211; Sibenik"}]},{"@type":"WebSite","@id":"https:\/\/www.camp-tomas.com\/#website","url":"https:\/\/www.camp-tomas.com\/","name":"Camp Tomas","description":"&Scaron;ibenik - Primo&scaron;ten - Croatia ","potentialAction":[{"@type":"SearchAction","target":{"@type":"EntryPoint","urlTemplate":"https:\/\/www.camp-tomas.com\/?s={search_term_string}"},"query-input":"required name=search_term_string"}],"inLanguage":"de"}]}},"_links":{"self":[{"href":"https:\/\/www.camp-tomas.com\/de\/wp-json\/wp\/v2\/pages\/606"}],"collection":[{"href":"https:\/\/www.camp-tomas.com\/de\/wp-json\/wp\/v2\/pages"}],"about":[{"href":"https:\/\/www.camp-tomas.com\/de\/wp-json\/wp\/v2\/types\/page"}],"author":[{"embeddable":true,"href":"https:\/\/www.camp-tomas.com\/de\/wp-json\/wp\/v2\/users\/1"}],"replies":[{"embeddable":true,"href":"https:\/\/www.camp-tomas.com\/de\/wp-json\/wp\/v2\/comments?post=606"}],"version-history":[{"count":15,"href":"https:\/\/www.camp-tomas.com\/de\/wp-json\/wp\/v2\/pages\/606\/revisions"}],"predecessor-version":[{"id":910,"href":"https:\/\/www.camp-tomas.com\/de\/wp-json\/wp\/v2\/pages\/606\/revisions\/910"}],"wp:attachment":[{"href":"https:\/\/www.camp-tomas.com\/de\/wp-json\/wp\/v2\/media?parent=606"}],"curies":[{"name":"wp","href":"https:\/\/api.w.org\/{rel}","templated":true}]}}